{"id":1183,"date":"2025-02-02T16:36:33","date_gmt":"2025-02-02T16:36:33","guid":{"rendered":"https:\/\/acinel.com\/?page_id=1183"},"modified":"2025-06-10T16:00:23","modified_gmt":"2025-06-10T16:00:23","slug":"karriar","status":"publish","type":"page","link":"https:\/\/acinel.com\/sv\/karriar\/","title":{"rendered":"Karri\u00e4r"},"content":{"rendered":"<p>Bli en del av v\u00e5rt team och arbeta i en dynamisk milj\u00f6 d\u00e4r vi v\u00e4rdes\u00e4tter innovation, expertis och tillv\u00e4xt. Oavsett om du \u00e4r en erfaren yrkesperson eller precis har b\u00f6rjat din karri\u00e4r, erbjuder vi m\u00f6jligheter som inspirerar dig.<\/p>\n<p>1. Olika typer av kundprojekt som t\u00e4cker hela processen \u2013 fr\u00e5n sekund\u00e4r systemdesign till drifts\u00e4ttning<br \/>\n2. m\u00f6jligheten att utvecklas till en SCADA\/skyddsexpert eller f\u00f6rdjupa dina befintliga f\u00e4rdigheter.<br \/>\n3. goda personalf\u00f6rm\u00e5ner, s\u00e5som hybridarbete och flexibla arbetstider<br \/>\n4. en modern och dynamisk arbetsmilj\u00f6 och ett bra team med l\u00e5ng erfarenhet inom energisektorn<\/p>\n","protected":false},"excerpt":{"rendered":"<p>Bli en del av v\u00e5rt team och arbeta i en dynamisk milj\u00f6 d\u00e4r vi v\u00e4rdes\u00e4tter innovation, expertis och tillv\u00e4xt. Oavsett om du \u00e4r en erfaren yrkesperson eller precis har b\u00f6rjat din karri\u00e4r, erbjuder vi m\u00f6jligheter som inspirerar dig. 1. Olika typer av kundprojekt som t\u00e4cker hela processen \u2013 fr\u00e5n sekund\u00e4r systemdesign till drifts\u00e4ttning 2. m\u00f6jligheten [&hellip;]<\/p>\n","protected":false},"author":2,"featured_media":1186,"parent":0,"menu_order":0,"comment_status":"closed","ping_status":"closed","template":"page-career.php","meta":{"_acf_changed":false,"_monsterinsights_skip_tracking":false,"_monsterinsights_sitenote_active":false,"_monsterinsights_sitenote_note":"","_monsterinsights_sitenote_category":0,"footnotes":""},"class_list":["post-1183","page","type-page","status-publish","has-post-thumbnail","hentry"],"acf":[],"_links":{"self":[{"href":"https:\/\/acinel.com\/sv\/wp-json\/wp\/v2\/pages\/1183","targetHints":{"allow":["GET"]}}],"collection":[{"href":"https:\/\/acinel.com\/sv\/wp-json\/wp\/v2\/pages"}],"about":[{"href":"https:\/\/acinel.com\/sv\/wp-json\/wp\/v2\/types\/page"}],"author":[{"embeddable":true,"href":"https:\/\/acinel.com\/sv\/wp-json\/wp\/v2\/users\/2"}],"replies":[{"embeddable":true,"href":"https:\/\/acinel.com\/sv\/wp-json\/wp\/v2\/comments?post=1183"}],"version-history":[{"count":13,"href":"https:\/\/acinel.com\/sv\/wp-json\/wp\/v2\/pages\/1183\/revisions"}],"predecessor-version":[{"id":1304,"href":"https:\/\/acinel.com\/sv\/wp-json\/wp\/v2\/pages\/1183\/revisions\/1304"}],"wp:featuredmedia":[{"embeddable":true,"href":"https:\/\/acinel.com\/sv\/wp-json\/wp\/v2\/media\/1186"}],"wp:attachment":[{"href":"https:\/\/acinel.com\/sv\/wp-json\/wp\/v2\/media?parent=1183"}],"curies":[{"name":"wp","href":"https:\/\/api.w.org\/{rel}","templated":true}]}}