{"id":1158,"date":"2024-07-22T13:40:33","date_gmt":"2024-07-22T13:40:33","guid":{"rendered":"https:\/\/acinel.com\/omicron\/"},"modified":"2025-06-11T17:38:49","modified_gmt":"2025-06-11T17:38:49","slug":"omicron","status":"publish","type":"page","link":"https:\/\/acinel.com\/sv\/omicron\/","title":{"rendered":"Omicron"},"content":{"rendered":"<p><strong>OMICRON Energy<\/strong> \u00e4r ett f\u00f6retag som \u00e4r specialiserat p\u00e5 att tillhandah\u00e5lla innovativa test-, diagnos- och \u00f6vervakningsl\u00f6sningar f\u00f6r elektriska kraftsystem. De \u00e4r s\u00e4rskilt v\u00e4lk\u00e4nda inom elkraftsindustrin f\u00f6r sina produkter och tj\u00e4nster som hj\u00e4lper till att s\u00e4kerst\u00e4lla tillf\u00f6rlitlig drift av kraftn\u00e4t, transformatorer, str\u00f6mbrytare, skyddsrel\u00e4er och annan kritisk infrastruktur.<\/p>\n<p>&nbsp;<\/p>\n<p>Diveco, en del av Acinel-familjen, \u00e4r en auktoriserad distribut\u00f6r av Omicrons testutrustningsportf\u00f6lj i Slovenien.<\/p>\n<p>&nbsp;<\/p>\n<p>Hela Omicrons testutrustningsportf\u00f6lj \u00e4r tillg\u00e4nglig f\u00f6r att utf\u00f6ra kompletta prim\u00e4ra och sekund\u00e4ra utrustningstester av elektriska anl\u00e4ggningar \u00f6ver hela v\u00e4rlden.<\/p>\n<p>&nbsp;<\/p>\n<p>Webbplats:<br \/>\n<a href=\"http:\/\/www.omicronenergy.com\">www.omicronenergy.com<\/a><\/p>\n","protected":false},"excerpt":{"rendered":"<p>OMICRON Energy \u00e4r ett f\u00f6retag som \u00e4r specialiserat p\u00e5 att tillhandah\u00e5lla innovativa test-, diagnos- och \u00f6vervakningsl\u00f6sningar f\u00f6r elektriska kraftsystem. De \u00e4r s\u00e4rskilt v\u00e4lk\u00e4nda inom elkraftsindustrin f\u00f6r sina produkter och tj\u00e4nster som hj\u00e4lper till att s\u00e4kerst\u00e4lla tillf\u00f6rlitlig drift av kraftn\u00e4t, transformatorer, str\u00f6mbrytare, skyddsrel\u00e4er och annan kritisk infrastruktur. &nbsp; Diveco, en del av Acinel-familjen, \u00e4r en auktoriserad [&hellip;]<\/p>\n","protected":false},"author":2,"featured_media":1164,"parent":0,"menu_order":0,"comment_status":"closed","ping_status":"closed","template":"page-about-us.php","meta":{"_acf_changed":false,"_monsterinsights_skip_tracking":false,"_monsterinsights_sitenote_active":false,"_monsterinsights_sitenote_note":"","_monsterinsights_sitenote_category":0,"footnotes":""},"class_list":["post-1158","page","type-page","status-publish","has-post-thumbnail","hentry"],"acf":[],"_links":{"self":[{"href":"https:\/\/acinel.com\/sv\/wp-json\/wp\/v2\/pages\/1158","targetHints":{"allow":["GET"]}}],"collection":[{"href":"https:\/\/acinel.com\/sv\/wp-json\/wp\/v2\/pages"}],"about":[{"href":"https:\/\/acinel.com\/sv\/wp-json\/wp\/v2\/types\/page"}],"author":[{"embeddable":true,"href":"https:\/\/acinel.com\/sv\/wp-json\/wp\/v2\/users\/2"}],"replies":[{"embeddable":true,"href":"https:\/\/acinel.com\/sv\/wp-json\/wp\/v2\/comments?post=1158"}],"version-history":[{"count":4,"href":"https:\/\/acinel.com\/sv\/wp-json\/wp\/v2\/pages\/1158\/revisions"}],"predecessor-version":[{"id":1340,"href":"https:\/\/acinel.com\/sv\/wp-json\/wp\/v2\/pages\/1158\/revisions\/1340"}],"wp:featuredmedia":[{"embeddable":true,"href":"https:\/\/acinel.com\/sv\/wp-json\/wp\/v2\/media\/1164"}],"wp:attachment":[{"href":"https:\/\/acinel.com\/sv\/wp-json\/wp\/v2\/media?parent=1158"}],"curies":[{"name":"wp","href":"https:\/\/api.w.org\/{rel}","templated":true}]}}