{"id":1143,"date":"2024-07-22T17:13:56","date_gmt":"2024-07-22T17:13:56","guid":{"rendered":"https:\/\/acinel.com\/om-oss\/"},"modified":"2025-04-12T13:06:34","modified_gmt":"2025-04-12T13:06:34","slug":"om-oss","status":"publish","type":"page","link":"https:\/\/acinel.com\/sv\/om-oss\/","title":{"rendered":"Om oss"},"content":{"rendered":"<h1>VISION &amp; RIKTLINJER<\/h1>\n<p>V\u00e5r vision \u00e4r att bli en av de ledande och mest uppskattade systemintegrat\u00f6rerna, redo f\u00f6r de utmaningar som dikteras av v\u00e4rldens fr\u00e4msta tillverkare och kundbehov.<\/p>\n<p>&nbsp;<\/p>\n<p>V\u00e5ra riktlinjer s\u00e4kerst\u00e4ller efterlevnad av relevanta lagar, f\u00f6rst\u00e5else f\u00f6r sammanhang och kundkrav, uppfyllelse av alla avtalsvillkor, riskbaserat t\u00e4nkande, st\u00e4ndiga f\u00f6rb\u00e4ttringar, milj\u00f6skydd, h\u00e5llbarhet och prioritering av h\u00e4lsa och s\u00e4kerhet.<\/p>\n","protected":false},"excerpt":{"rendered":"<p>VISION &amp; RIKTLINJER V\u00e5r vision \u00e4r att bli en av de ledande och mest uppskattade systemintegrat\u00f6rerna, redo f\u00f6r de utmaningar som dikteras av v\u00e4rldens fr\u00e4msta tillverkare och kundbehov. &nbsp; V\u00e5ra riktlinjer s\u00e4kerst\u00e4ller efterlevnad av relevanta lagar, f\u00f6rst\u00e5else f\u00f6r sammanhang och kundkrav, uppfyllelse av alla avtalsvillkor, riskbaserat t\u00e4nkande, st\u00e4ndiga f\u00f6rb\u00e4ttringar, milj\u00f6skydd, h\u00e5llbarhet och prioritering av h\u00e4lsa [&hellip;]<\/p>\n","protected":false},"author":2,"featured_media":1155,"parent":0,"menu_order":0,"comment_status":"closed","ping_status":"closed","template":"page-about-us.php","meta":{"_acf_changed":false,"_monsterinsights_skip_tracking":false,"_monsterinsights_sitenote_active":false,"_monsterinsights_sitenote_note":"","_monsterinsights_sitenote_category":0,"footnotes":""},"class_list":["post-1143","page","type-page","status-publish","has-post-thumbnail","hentry"],"acf":[],"_links":{"self":[{"href":"https:\/\/acinel.com\/sv\/wp-json\/wp\/v2\/pages\/1143","targetHints":{"allow":["GET"]}}],"collection":[{"href":"https:\/\/acinel.com\/sv\/wp-json\/wp\/v2\/pages"}],"about":[{"href":"https:\/\/acinel.com\/sv\/wp-json\/wp\/v2\/types\/page"}],"author":[{"embeddable":true,"href":"https:\/\/acinel.com\/sv\/wp-json\/wp\/v2\/users\/2"}],"replies":[{"embeddable":true,"href":"https:\/\/acinel.com\/sv\/wp-json\/wp\/v2\/comments?post=1143"}],"version-history":[{"count":4,"href":"https:\/\/acinel.com\/sv\/wp-json\/wp\/v2\/pages\/1143\/revisions"}],"predecessor-version":[{"id":1230,"href":"https:\/\/acinel.com\/sv\/wp-json\/wp\/v2\/pages\/1143\/revisions\/1230"}],"wp:featuredmedia":[{"embeddable":true,"href":"https:\/\/acinel.com\/sv\/wp-json\/wp\/v2\/media\/1155"}],"wp:attachment":[{"href":"https:\/\/acinel.com\/sv\/wp-json\/wp\/v2\/media?parent=1143"}],"curies":[{"name":"wp","href":"https:\/\/api.w.org\/{rel}","templated":true}]}}