{"id":910,"date":"2025-02-02T16:36:33","date_gmt":"2025-02-02T16:36:33","guid":{"rendered":"https:\/\/acinel.com\/?page_id=910"},"modified":"2025-06-10T16:00:44","modified_gmt":"2025-06-10T16:00:44","slug":"karijera","status":"publish","type":"page","link":"https:\/\/acinel.com\/sr\/karijera\/","title":{"rendered":"Karijera"},"content":{"rendered":"<p>Pridru\u017eite se na\u0161em timu i postanite deo dinami\u010dnog okru\u017eenja gde cenimo inovacije, stru\u010dnost i razvoj. Bez obzira na to da li ste iskusan stru\u010dnjak ili tek zapo\u010dinjete svoju karijeru, kod nas \u0107ete prona\u0107i prilike koje \u0107e vas inspirisati.<\/p>\n<p>1. Raznovrsni projekti za klijente koji obuhvataju ceo proces \u2013 od projektovanja sekundarnih sistema do pu\u0161tanja u rad<br \/>\n2. Prilika da se razvijete u SCADA ili za\u0161titnog stru\u010dnjaka, ili da dodatno usavr\u0161ite svoje postoje\u0107e ve\u0161tine<br \/>\n3. Dobri benefiti za zaposlene, kao \u0161to su hibridni rad i fleksibilno radno vreme<br \/>\n4. Savremeno i dinami\u010dno radno okru\u017eenje i sjajan tim sa bogatim iskustvom u energetskom sektoru<\/p>\n","protected":false},"excerpt":{"rendered":"<p>Pridru\u017eite se na\u0161em timu i postanite deo dinami\u010dnog okru\u017eenja gde cenimo inovacije, stru\u010dnost i razvoj. Bez obzira na to da li ste iskusan stru\u010dnjak ili tek zapo\u010dinjete svoju karijeru, kod nas \u0107ete prona\u0107i prilike koje \u0107e vas inspirisati. 1. Raznovrsni projekti za klijente koji obuhvataju ceo proces \u2013 od projektovanja sekundarnih sistema do pu\u0161tanja u [&hellip;]<\/p>\n","protected":false},"author":2,"featured_media":949,"parent":0,"menu_order":0,"comment_status":"closed","ping_status":"closed","template":"page-career.php","meta":{"_acf_changed":false,"_monsterinsights_skip_tracking":false,"_monsterinsights_sitenote_active":false,"_monsterinsights_sitenote_note":"","_monsterinsights_sitenote_category":0,"footnotes":""},"class_list":["post-910","page","type-page","status-publish","has-post-thumbnail","hentry"],"acf":[],"_links":{"self":[{"href":"https:\/\/acinel.com\/sr\/wp-json\/wp\/v2\/pages\/910","targetHints":{"allow":["GET"]}}],"collection":[{"href":"https:\/\/acinel.com\/sr\/wp-json\/wp\/v2\/pages"}],"about":[{"href":"https:\/\/acinel.com\/sr\/wp-json\/wp\/v2\/types\/page"}],"author":[{"embeddable":true,"href":"https:\/\/acinel.com\/sr\/wp-json\/wp\/v2\/users\/2"}],"replies":[{"embeddable":true,"href":"https:\/\/acinel.com\/sr\/wp-json\/wp\/v2\/comments?post=910"}],"version-history":[{"count":16,"href":"https:\/\/acinel.com\/sr\/wp-json\/wp\/v2\/pages\/910\/revisions"}],"predecessor-version":[{"id":1305,"href":"https:\/\/acinel.com\/sr\/wp-json\/wp\/v2\/pages\/910\/revisions\/1305"}],"wp:featuredmedia":[{"embeddable":true,"href":"https:\/\/acinel.com\/sr\/wp-json\/wp\/v2\/media\/949"}],"wp:attachment":[{"href":"https:\/\/acinel.com\/sr\/wp-json\/wp\/v2\/media?parent=910"}],"curies":[{"name":"wp","href":"https:\/\/api.w.org\/{rel}","templated":true}]}}