{"id":627,"date":"2024-07-22T17:13:56","date_gmt":"2024-07-22T17:13:56","guid":{"rendered":"https:\/\/acinel.com\/website_ccb31ba8\/%d0%be-%d0%bd%d0%b0%d0%bc%d0%b0\/"},"modified":"2025-04-12T10:10:02","modified_gmt":"2025-04-12T10:10:02","slug":"o-nama","status":"publish","type":"page","link":"https:\/\/acinel.com\/sr\/o-nama\/","title":{"rendered":"O nama"},"content":{"rendered":"<h1>VIZIJA I SMERNICE<\/h1>\n<p>Na\u0161a vizija je da postanemo jedan od vodec\u0301ih i najcenjenijih sistem integratora, spreman za izazove koje diktiraju najvec\u0301i svetski proizvo\u0111a\u010di i potrebe kupaca.<\/p>\n<p>&nbsp;<\/p>\n<p>Na\u0161e smernice obezbe\u0111uju usagla\u0161enost sa relevantnim zakonima, razumevanje konteksta i zahteva kupaca, ispunjavanje svih ugovornih uslova, razmi\u0161ljanje zasnovano na riziku, kontinuirano pobolj\u0161anje, za\u0161titu \u017eivotne sredine, odr\u017eivost i davanje prioriteta zdravlju i bezbednosti.<\/p>\n","protected":false},"excerpt":{"rendered":"<p>VIZIJA I SMERNICE Na\u0161a vizija je da postanemo jedan od vodec\u0301ih i najcenjenijih sistem integratora, spreman za izazove koje diktiraju najvec\u0301i svetski proizvo\u0111a\u010di i potrebe kupaca. &nbsp; Na\u0161e smernice obezbe\u0111uju usagla\u0161enost sa relevantnim zakonima, razumevanje konteksta i zahteva kupaca, ispunjavanje svih ugovornih uslova, razmi\u0161ljanje zasnovano na riziku, kontinuirano pobolj\u0161anje, za\u0161titu \u017eivotne sredine, odr\u017eivost i davanje [&hellip;]<\/p>\n","protected":false},"author":2,"featured_media":802,"parent":0,"menu_order":0,"comment_status":"closed","ping_status":"closed","template":"page-about-us.php","meta":{"_acf_changed":false,"_monsterinsights_skip_tracking":false,"_monsterinsights_sitenote_active":false,"_monsterinsights_sitenote_note":"","_monsterinsights_sitenote_category":0,"footnotes":""},"class_list":["post-627","page","type-page","status-publish","has-post-thumbnail","hentry"],"acf":[],"_links":{"self":[{"href":"https:\/\/acinel.com\/sr\/wp-json\/wp\/v2\/pages\/627","targetHints":{"allow":["GET"]}}],"collection":[{"href":"https:\/\/acinel.com\/sr\/wp-json\/wp\/v2\/pages"}],"about":[{"href":"https:\/\/acinel.com\/sr\/wp-json\/wp\/v2\/types\/page"}],"author":[{"embeddable":true,"href":"https:\/\/acinel.com\/sr\/wp-json\/wp\/v2\/users\/2"}],"replies":[{"embeddable":true,"href":"https:\/\/acinel.com\/sr\/wp-json\/wp\/v2\/comments?post=627"}],"version-history":[{"count":11,"href":"https:\/\/acinel.com\/sr\/wp-json\/wp\/v2\/pages\/627\/revisions"}],"predecessor-version":[{"id":1219,"href":"https:\/\/acinel.com\/sr\/wp-json\/wp\/v2\/pages\/627\/revisions\/1219"}],"wp:featuredmedia":[{"embeddable":true,"href":"https:\/\/acinel.com\/sr\/wp-json\/wp\/v2\/media\/802"}],"wp:attachment":[{"href":"https:\/\/acinel.com\/sr\/wp-json\/wp\/v2\/media?parent=627"}],"curies":[{"name":"wp","href":"https:\/\/api.w.org\/{rel}","templated":true}]}}