{"id":626,"date":"2024-07-22T13:40:33","date_gmt":"2024-07-22T13:40:33","guid":{"rendered":"https:\/\/acinel.com\/website_ccb31ba8\/%d0%be%d0%bc%d0%b8%d1%86%d1%80%d0%be%d0%bd\/"},"modified":"2025-06-11T17:39:26","modified_gmt":"2025-06-11T17:39:26","slug":"omicron","status":"publish","type":"page","link":"https:\/\/acinel.com\/sr\/omicron\/","title":{"rendered":"Omicron"},"content":{"rendered":"<p>OMICRON Energy je kompanija specijalizovana za pru\u017eanje inovativnih re\u0161enja za testiranje, dijagnostiku i pra\u0107enje elektroenergetskih sistema. Posebno su poznati u elektroenergetskoj industriji po svojim proizvodima i uslugama koji poma\u017eu da se obezbedi pouzdan rad energetskih mre\u017ea, transformatora, prekida\u010da, za\u0161titnih releja i druge kriti\u010dne infrastrukture.<\/p>\n<p>&nbsp;<\/p>\n<p>Diveco, deo porodice Acinel, je ovla\u0161c\u0301eni distributer portfelja Omicron test opreme u Sloveniji.<\/p>\n<p>&nbsp;<\/p>\n<p>\u010citav portfolio opreme za testiranje Omicron-a je dostupan za obavljanje kompletnih ispitivanja primarne i sekundarne opreme u elektroenergetskim objektima \u0161irom sveta.<\/p>\n<p>&nbsp;<\/p>\n<p>Veb sajt:<br \/>\n<a href=\"http:\/\/www.omicronenergy.com\">www.omicronenergy.com<\/a><\/p>\n","protected":false},"excerpt":{"rendered":"<p>OMICRON Energy je kompanija specijalizovana za pru\u017eanje inovativnih re\u0161enja za testiranje, dijagnostiku i pra\u0107enje elektroenergetskih sistema. Posebno su poznati u elektroenergetskoj industriji po svojim proizvodima i uslugama koji poma\u017eu da se obezbedi pouzdan rad energetskih mre\u017ea, transformatora, prekida\u010da, za\u0161titnih releja i druge kriti\u010dne infrastrukture. &nbsp; Diveco, deo porodice Acinel, je ovla\u0161c\u0301eni distributer portfelja Omicron test [&hellip;]<\/p>\n","protected":false},"author":2,"featured_media":575,"parent":0,"menu_order":0,"comment_status":"closed","ping_status":"closed","template":"page-about-us.php","meta":{"_acf_changed":false,"_monsterinsights_skip_tracking":false,"_monsterinsights_sitenote_active":false,"_monsterinsights_sitenote_note":"","_monsterinsights_sitenote_category":0,"footnotes":""},"class_list":["post-626","page","type-page","status-publish","has-post-thumbnail","hentry"],"acf":[],"_links":{"self":[{"href":"https:\/\/acinel.com\/sr\/wp-json\/wp\/v2\/pages\/626","targetHints":{"allow":["GET"]}}],"collection":[{"href":"https:\/\/acinel.com\/sr\/wp-json\/wp\/v2\/pages"}],"about":[{"href":"https:\/\/acinel.com\/sr\/wp-json\/wp\/v2\/types\/page"}],"author":[{"embeddable":true,"href":"https:\/\/acinel.com\/sr\/wp-json\/wp\/v2\/users\/2"}],"replies":[{"embeddable":true,"href":"https:\/\/acinel.com\/sr\/wp-json\/wp\/v2\/comments?post=626"}],"version-history":[{"count":20,"href":"https:\/\/acinel.com\/sr\/wp-json\/wp\/v2\/pages\/626\/revisions"}],"predecessor-version":[{"id":1342,"href":"https:\/\/acinel.com\/sr\/wp-json\/wp\/v2\/pages\/626\/revisions\/1342"}],"wp:featuredmedia":[{"embeddable":true,"href":"https:\/\/acinel.com\/sr\/wp-json\/wp\/v2\/media\/575"}],"wp:attachment":[{"href":"https:\/\/acinel.com\/sr\/wp-json\/wp\/v2\/media?parent=626"}],"curies":[{"name":"wp","href":"https:\/\/api.w.org\/{rel}","templated":true}]}}