{"id":839,"date":"2025-02-02T16:36:33","date_gmt":"2025-02-02T16:36:33","guid":{"rendered":"https:\/\/acinel.com\/?page_id=839"},"modified":"2025-06-10T15:59:06","modified_gmt":"2025-06-10T15:59:06","slug":"kariera","status":"publish","type":"page","link":"https:\/\/acinel.com\/sl\/kariera\/","title":{"rendered":"Kariera"},"content":{"rendered":"<p>Pridru\u017eite se na\u0161emu timu in postanite del dinami\u010dnega okolja, kjer cenimo inovacije, strokovnost in razvoj. Ne glede na to, ali ste izku\u0161en strokovnjak ali \u0161ele za\u010denjate svojo karierno pot, pri nas najdete prilo\u017enosti, ki vas navdihujejo.<\/p>\n<p>&nbsp;<\/p>\n<p>1. Raznoliki projekti za stranke, ki pokrivajo celoten proces \u2013 od na\u010drtovanja sekundarnih sistemov do zagona<br \/>\n2. Prilo\u017enost za razvoj v SCADA\/za\u0161\u010ditnega strokovnjaka ali za poglabljanje obstoje\u010dega znanja<br \/>\n3. Dobri zaposlitveni bonusi, kot so hibridno delo in prilagodljiv delovni \u010das, \u0161portne aktivnosti<br \/>\n4. Sodobno in dinami\u010dno delovno okolje ter odli\u010den tim z bogatimi izku\u0161njami v energetskem sektorju<\/p>\n","protected":false},"excerpt":{"rendered":"<p>Pridru\u017eite se na\u0161emu timu in postanite del dinami\u010dnega okolja, kjer cenimo inovacije, strokovnost in razvoj. Ne glede na to, ali ste izku\u0161en strokovnjak ali \u0161ele za\u010denjate svojo karierno pot, pri nas najdete prilo\u017enosti, ki vas navdihujejo. &nbsp; 1. Raznoliki projekti za stranke, ki pokrivajo celoten proces \u2013 od na\u010drtovanja sekundarnih sistemov do zagona 2. Prilo\u017enost [&hellip;]<\/p>\n","protected":false},"author":2,"featured_media":951,"parent":0,"menu_order":0,"comment_status":"closed","ping_status":"closed","template":"page-career.php","meta":{"_acf_changed":false,"_monsterinsights_skip_tracking":false,"_monsterinsights_sitenote_active":false,"_monsterinsights_sitenote_note":"","_monsterinsights_sitenote_category":0,"footnotes":""},"class_list":["post-839","page","type-page","status-publish","has-post-thumbnail","hentry"],"acf":[],"_links":{"self":[{"href":"https:\/\/acinel.com\/sl\/wp-json\/wp\/v2\/pages\/839","targetHints":{"allow":["GET"]}}],"collection":[{"href":"https:\/\/acinel.com\/sl\/wp-json\/wp\/v2\/pages"}],"about":[{"href":"https:\/\/acinel.com\/sl\/wp-json\/wp\/v2\/types\/page"}],"author":[{"embeddable":true,"href":"https:\/\/acinel.com\/sl\/wp-json\/wp\/v2\/users\/2"}],"replies":[{"embeddable":true,"href":"https:\/\/acinel.com\/sl\/wp-json\/wp\/v2\/comments?post=839"}],"version-history":[{"count":20,"href":"https:\/\/acinel.com\/sl\/wp-json\/wp\/v2\/pages\/839\/revisions"}],"predecessor-version":[{"id":1302,"href":"https:\/\/acinel.com\/sl\/wp-json\/wp\/v2\/pages\/839\/revisions\/1302"}],"wp:featuredmedia":[{"embeddable":true,"href":"https:\/\/acinel.com\/sl\/wp-json\/wp\/v2\/media\/951"}],"wp:attachment":[{"href":"https:\/\/acinel.com\/sl\/wp-json\/wp\/v2\/media?parent=839"}],"curies":[{"name":"wp","href":"https:\/\/api.w.org\/{rel}","templated":true}]}}