{"id":597,"date":"2024-07-22T13:40:33","date_gmt":"2024-07-22T13:40:33","guid":{"rendered":"https:\/\/acinel.com\/website_ccb31ba8\/omicron\/"},"modified":"2025-06-11T17:37:57","modified_gmt":"2025-06-11T17:37:57","slug":"omicron","status":"publish","type":"page","link":"https:\/\/acinel.com\/sl\/omicron\/","title":{"rendered":"Omicron"},"content":{"rendered":"<p><strong>OMICRON Energy<\/strong> je podjetje, ki je specializirano za zagotavljanje inovativnih re\u0161itev za testiranje, diagnostiko in spremljanje elektroenergetskih sistemov. V elektroenergetski industriji so \u0161e posebej znani po svojih izdelkih in storitvah, ki pomagajo zagotavljati zanesljivo delovanje elektri\u010dnih omre\u017eij, transformatorjev, odklopnikov, za\u0161\u010ditnih relejev in druge kriti\u010dne infrastrukture.<\/p>\n<p>&nbsp;<\/p>\n<p>Diveco, del dru\u017eine Acinel, je poobla\u0161\u010deni distributer Omicronove testne opreme v Sloveniji.<\/p>\n<p>&nbsp;<\/p>\n<p>Celoten portfelj Omicronove preskusne opreme je na voljo za izvajanje popolnih primarnih in sekundarnih preskusov opreme elektri\u010dnih naprav po vsem svetu.<\/p>\n<p>&nbsp;<\/p>\n<p>Spletna stran:<br \/>\n<a href=\"http:\/\/www.omicronenergy.com\">www.omicronenergy.com<\/a><\/p>\n","protected":false},"excerpt":{"rendered":"<p>OMICRON Energy je podjetje, ki je specializirano za zagotavljanje inovativnih re\u0161itev za testiranje, diagnostiko in spremljanje elektroenergetskih sistemov. V elektroenergetski industriji so \u0161e posebej znani po svojih izdelkih in storitvah, ki pomagajo zagotavljati zanesljivo delovanje elektri\u010dnih omre\u017eij, transformatorjev, odklopnikov, za\u0161\u010ditnih relejev in druge kriti\u010dne infrastrukture. &nbsp; Diveco, del dru\u017eine Acinel, je poobla\u0161\u010deni distributer Omicronove testne [&hellip;]<\/p>\n","protected":false},"author":2,"featured_media":576,"parent":0,"menu_order":0,"comment_status":"closed","ping_status":"closed","template":"page-about-us.php","meta":{"_acf_changed":false,"_monsterinsights_skip_tracking":false,"_monsterinsights_sitenote_active":false,"_monsterinsights_sitenote_note":"","_monsterinsights_sitenote_category":0,"footnotes":""},"class_list":["post-597","page","type-page","status-publish","has-post-thumbnail","hentry"],"acf":[],"_links":{"self":[{"href":"https:\/\/acinel.com\/sl\/wp-json\/wp\/v2\/pages\/597","targetHints":{"allow":["GET"]}}],"collection":[{"href":"https:\/\/acinel.com\/sl\/wp-json\/wp\/v2\/pages"}],"about":[{"href":"https:\/\/acinel.com\/sl\/wp-json\/wp\/v2\/types\/page"}],"author":[{"embeddable":true,"href":"https:\/\/acinel.com\/sl\/wp-json\/wp\/v2\/users\/2"}],"replies":[{"embeddable":true,"href":"https:\/\/acinel.com\/sl\/wp-json\/wp\/v2\/comments?post=597"}],"version-history":[{"count":12,"href":"https:\/\/acinel.com\/sl\/wp-json\/wp\/v2\/pages\/597\/revisions"}],"predecessor-version":[{"id":1338,"href":"https:\/\/acinel.com\/sl\/wp-json\/wp\/v2\/pages\/597\/revisions\/1338"}],"wp:featuredmedia":[{"embeddable":true,"href":"https:\/\/acinel.com\/sl\/wp-json\/wp\/v2\/media\/576"}],"wp:attachment":[{"href":"https:\/\/acinel.com\/sl\/wp-json\/wp\/v2\/media?parent=597"}],"curies":[{"name":"wp","href":"https:\/\/api.w.org\/{rel}","templated":true}]}}